{"id":17,"date":"2020-07-16T19:43:12","date_gmt":"2020-07-16T19:43:12","guid":{"rendered":"http:\/\/faridaglobal.org\/?page_id=17"},"modified":"2025-08-27T23:12:01","modified_gmt":"2025-08-27T20:12:01","slug":"our-work","status":"publish","type":"page","link":"https:\/\/faridaglobal.org\/de\/our-work\/","title":{"rendered":"Unsere Arbeit"},"content":{"rendered":"<p class=\"has-text-align-left\">\u00a0<\/p>\r\n<h3 class=\"wp-block-heading\"><b>Arbeitsschwerpunkte<\/b><\/h3>\r\n<ul>\r\n<li>Einsatz f\u00fcr Minderheiten bei gleichzeitiger Schaffung eines Unterst\u00fctzungssystems<\/li>\r\n<li>Eintreten f\u00fcr Gerechtigkeit gegen\u00fcber Verursacher:innen von V\u00f6lkermord und Kriegsverbrechen<\/li>\r\n<li>Bewusstseinsschaffung f\u00fcr V\u00f6lkermorde<\/li>\r\n<li>Schutz von Kindern<\/li>\r\n<li>Bereitstellung von praktischer Hilfe und Unterst\u00fctzung bei Wiederaufbau der sozialen Infrastruktur<\/li>\r\n<li>Bildung<\/li>\r\n<li>Friedensbildung<\/li>\r\n<li>Pr\u00e4vention sexueller Ausbeutung und Missbrauch<\/li>\r\n<li>F\u00f6rderung der Menschenrechte<\/li>\r\n<li>Psychosoziale Unterst\u00fctzung f\u00fcr Kriegsopfer<\/li>\r\n<li>Unterst\u00fctzung Gefl\u00fcchteter bei der Integration in ihre neuen Gemeinschaften<\/li>\r\n<li>Best\u00e4rkung von Frauen und Jugendlichen<\/li>\r\n<\/ul>\r\n<h3><b>Zielgruppen<\/b><\/h3>\r\n<p>Gefl\u00fcchtete, Kriegsopfer, \u00dcberlebende von V\u00f6lkermorden, Binnenvertriebene<\/p>\r\n<h6>\u00a0<\/h6>\r\n<h3><span style=\"color: #047170;\"><strong>Partnerschaften<\/strong><\/span><\/h3>\r\n<p>\n\n\n\n<\/p>\r\n<p class=\"has-text-align-left\">Farida e.V. ist aktiv auf der Suche nach wirkungsvollen Partnerschaften mit UN-Organisationen, anderen internationalen NGOs und F\u00f6rdererorganisationen. Dazu k\u00f6nnen auch gleichgesinnte Einzelpersonen und Philanthropen geh\u00f6ren. Unser Ziel ist es, gemeinsam an der Erreichung der Ziele f\u00fcr nachhaltige Entwicklung der UN zu arbeiten, ohne jemanden zur\u00fcckzulassen.<\/p>\n\n\n\n<h3 class=\"wp-block-heading\"><strong>International &amp; UN Partners<\/strong><\/h3>\n\n\n\n<ul class=\"wp-block-list\">\n<li><strong>IOM (International Organization for Migration)<\/strong><\/li>\n\n\n\n<li><strong>UNITAD (UN Investigative Team for Accountability of Da\u2019esh\/ISIL)<\/strong> <\/li>\n\n\n\n<li><strong>UNICEF<\/strong> <\/li>\n\n\n\n<li><strong>ICMP (International Commission on Missing Persons)<\/strong> <\/li>\n<\/ul>\n\n\n\n<hr class=\"wp-block-separator has-alpha-channel-opacity\"\/>\n\n\n\n<h3 class=\"wp-block-heading\"><strong>Government &amp; Diplomatic Partners<\/strong><\/h3>\n\n\n\n<ul class=\"wp-block-list\">\n<li><strong>FCDO (UK Foreign, Commonwealth &amp; Development Office)<\/strong> <\/li>\n\n\n\n<li><strong>British Embassy Baghdad<\/strong> <\/li>\n\n\n\n<li><strong>GFFO (German Federal Foreign Office)<\/strong><\/li>\n\n\n\n<li><strong>ifa (Institut f\u00fcr Auslandsbeziehungen \/ zivik)<\/strong><\/li>\n\n\n\n<li><strong>State of Essen<\/strong> <\/li>\n\n\n\n<li><strong>State of Baden-W\u00fcrttemberg<\/strong> <\/li>\n\n\n\n<li><strong>NRW (North Rhine-Westphalia)<\/strong><\/li>\n\n\n\n<li><strong>SEZ (Stiftung Entwicklungs-Zusammenarbeit Baden-W\u00fcrttemberg)<\/strong> <\/li>\n<\/ul>\n\n\n\n<hr class=\"wp-block-separator has-alpha-channel-opacity\"\/>\n\n\n\n<h3 class=\"wp-block-heading\"><strong>Foundations &amp; NGOs<\/strong><\/h3>\n\n\n\n<ul class=\"wp-block-list\">\n<li><strong>EED (European Endowment for Democracy)<\/strong> <\/li>\n\n\n\n<li><strong>Bellwether International<\/strong> <\/li>\n\n\n\n<li><strong>Global Survivors Fund<\/strong> <\/li>\n\n\n\n<li><strong>PWJ (Peace Winds Japan)<\/strong> <\/li>\n\n\n\n<li><strong>Yazidi Legal Network<\/strong> <\/li>\n\n\n\n<li><strong>Ezidi24 Media Foundation<\/strong> <\/li>\n<\/ul>\n\n\n\n<hr class=\"wp-block-separator has-alpha-channel-opacity\"\/>\n\n\n\n<h3 class=\"wp-block-heading\"><strong>Academic &amp; Local Institutions<\/strong><\/h3>\n\n\n\n<ul class=\"wp-block-list\">\n<li><strong>University of Duhok<\/strong> <\/li>\n\n\n\n<li><strong>Directorate of Survivors Affairs <\/strong><\/li>\n<\/ul>\n\n\n\n<p>Thanks to the generous support of:<\/p>\n\n\n\n<figure class=\"wp-block-image size-large\"><img loading=\"lazy\" decoding=\"async\" width=\"1024\" height=\"320\" src=\"https:\/\/faridaglobal.org\/wp-content\/uploads\/2025\/08\/Donors-and-Partners-Farida-Global-Organization--1024x320.png\" alt=\"\" class=\"wp-image-1977\" srcset=\"https:\/\/faridaglobal.org\/wp-content\/uploads\/2025\/08\/Donors-and-Partners-Farida-Global-Organization--1024x320.png 1024w, https:\/\/faridaglobal.org\/wp-content\/uploads\/2025\/08\/Donors-and-Partners-Farida-Global-Organization--300x94.png 300w, https:\/\/faridaglobal.org\/wp-content\/uploads\/2025\/08\/Donors-and-Partners-Farida-Global-Organization--768x240.png 768w, https:\/\/faridaglobal.org\/wp-content\/uploads\/2025\/08\/Donors-and-Partners-Farida-Global-Organization--1536x480.png 1536w, https:\/\/faridaglobal.org\/wp-content\/uploads\/2025\/08\/Donors-and-Partners-Farida-Global-Organization--2048x640.png 2048w, https:\/\/faridaglobal.org\/wp-content\/uploads\/2025\/08\/Donors-and-Partners-Farida-Global-Organization--18x6.png 18w\" sizes=\"auto, (max-width: 1024px) 100vw, 1024px\" \/><\/figure>\n\n\n\n<p><\/p>","protected":false},"excerpt":{"rendered":"<p>\u00a0 Key Working Areas Advocacy for minorities while creating a support system Advocate for justice to preparators of genocide\/war crimes Awareness raising on genocide Child protection Deliverance of practical aid and support of reconstructing social infrastructure Education Peacebuilding Prevention of sexual exploitation and abuse Promotion of human rights Psychosocial support to war victims Support the integration of refugees in their [&hellip;]<\/p>","protected":false},"author":2,"featured_media":0,"parent":0,"menu_order":0,"comment_status":"closed","ping_status":"closed","template":"","meta":{"footnotes":""},"class_list":["post-17","page","type-page","status-publish","hentry"],"aioseo_notices":[],"_links":{"self":[{"href":"https:\/\/faridaglobal.org\/de\/wp-json\/wp\/v2\/pages\/17","targetHints":{"allow":["GET"]}}],"collection":[{"href":"https:\/\/faridaglobal.org\/de\/wp-json\/wp\/v2\/pages"}],"about":[{"href":"https:\/\/faridaglobal.org\/de\/wp-json\/wp\/v2\/types\/page"}],"author":[{"embeddable":true,"href":"https:\/\/faridaglobal.org\/de\/wp-json\/wp\/v2\/users\/2"}],"replies":[{"embeddable":true,"href":"https:\/\/faridaglobal.org\/de\/wp-json\/wp\/v2\/comments?post=17"}],"version-history":[{"count":22,"href":"https:\/\/faridaglobal.org\/de\/wp-json\/wp\/v2\/pages\/17\/revisions"}],"predecessor-version":[{"id":1979,"href":"https:\/\/faridaglobal.org\/de\/wp-json\/wp\/v2\/pages\/17\/revisions\/1979"}],"wp:attachment":[{"href":"https:\/\/faridaglobal.org\/de\/wp-json\/wp\/v2\/media?parent=17"}],"curies":[{"name":"wp","href":"https:\/\/api.w.org\/{rel}","templated":true}]}}