{"id":22,"date":"2020-07-16T19:43:12","date_gmt":"2020-07-16T19:43:12","guid":{"rendered":"http:\/\/faridaglobal.org\/?page_id=22"},"modified":"2024-08-26T11:10:14","modified_gmt":"2024-08-26T08:10:14","slug":"contact","status":"publish","type":"page","link":"https:\/\/faridaglobal.org\/de\/contact\/","title":{"rendered":"Kontakt"},"content":{"rendered":"<p><strong>Impressum<\/strong><\/p>\n\n\n\n<p><strong>Address 1:<\/strong><br>Farida e.V.<br>Max Stra\u00dfe 3, 45127 Essen<br>E-Mail: info@faridaglobal.org<\/p>\n\n\n\n<p><strong>Address 2:<\/strong><br>Farida e.V. c\/o PBV Stuttgart<br>Schlo\u00dfstra\u00dfe 76, 70176 Stuttgart<\/p>\n\n\n\n<p><strong>Address 3:<\/strong><br>Farida e.V. (Farida Global Organization)<br>Sharya 32, 42001 Duhok Kurdistan Region&nbsp;&#8211;&nbsp;Iraq<\/p>\n\n\n\n<p><strong>Address 4:<\/strong><br>Farida e.V. (Farida Global Organization)<br>Sinjar, Alziraai Qr. Ninewa, Iraq<\/p>\n\n\n\n<p>Vertretungsberechtigter Vorstand:<br>Fareeda Abbas Rasho Khalaf, Vorsitzende<br>Sanaa Ali Haji Alneameat, Stellvertretende<br>Khairi Shabo Abdullah Abdullah, Kassier<\/p>\n\n\n\n<p><\/p>\n\n\n\n<p>Registergericht: <strong>Amtsgericht Essen<\/strong><br>Registernummer: <strong>VR 6091<\/strong><\/p>\n\n\n\n<p>Inhaltlich Verantwortlicher gem\u00e4\u00df \u00a7 10 Absatz 3 MDStV:<br><strong>Fareeda Abbas Rasho Khalaf<\/strong> (Anschrift wie oben)<\/p>\n\n\n\n<p>Haftungshinweis: Trotz sorgf\u00e4ltiger inhaltlicher Kontrolle \u00fcbernehmen wir keine Haftung f\u00fcr die Inhalte externer Links. F\u00fcr den Inhalt der verlinkten Seiten sind ausschlie\u00dflich deren Betreiber verantwortlich.<\/p>\n\n\n\n<p><br><\/p>\n\n\n\n<p><\/p>\n\n\n\n<p><\/p>","protected":false},"excerpt":{"rendered":"<p>Impressum Address 1:Farida e.V.Max Stra\u00dfe 3, 45127 EssenE-Mail: info@faridaglobal.org Address 2:Farida e.V. c\/o PBV StuttgartSchlo\u00dfstra\u00dfe 76, 70176 Stuttgart Address 3:Farida e.V. (Farida Global Organization)Sharya 32, 42001 Duhok Kurdistan Region&nbsp;&#8211;&nbsp;Iraq Address 4:Farida e.V. (Farida Global Organization)Sinjar, Alziraai Qr. Ninewa, Iraq Vertretungsberechtigter Vorstand:Fareeda Abbas Rasho Khalaf, VorsitzendeSanaa Ali Haji Alneameat, StellvertretendeKhairi Shabo Abdullah Abdullah, Kassier Registergericht: Amtsgericht EssenRegisternummer: VR 6091 Inhaltlich Verantwortlicher [&hellip;]<\/p>","protected":false},"author":2,"featured_media":0,"parent":0,"menu_order":0,"comment_status":"closed","ping_status":"closed","template":"","meta":{"footnotes":""},"class_list":["post-22","page","type-page","status-publish","hentry"],"aioseo_notices":[],"_links":{"self":[{"href":"https:\/\/faridaglobal.org\/de\/wp-json\/wp\/v2\/pages\/22","targetHints":{"allow":["GET"]}}],"collection":[{"href":"https:\/\/faridaglobal.org\/de\/wp-json\/wp\/v2\/pages"}],"about":[{"href":"https:\/\/faridaglobal.org\/de\/wp-json\/wp\/v2\/types\/page"}],"author":[{"embeddable":true,"href":"https:\/\/faridaglobal.org\/de\/wp-json\/wp\/v2\/users\/2"}],"replies":[{"embeddable":true,"href":"https:\/\/faridaglobal.org\/de\/wp-json\/wp\/v2\/comments?post=22"}],"version-history":[{"count":32,"href":"https:\/\/faridaglobal.org\/de\/wp-json\/wp\/v2\/pages\/22\/revisions"}],"predecessor-version":[{"id":1853,"href":"https:\/\/faridaglobal.org\/de\/wp-json\/wp\/v2\/pages\/22\/revisions\/1853"}],"wp:attachment":[{"href":"https:\/\/faridaglobal.org\/de\/wp-json\/wp\/v2\/media?parent=22"}],"curies":[{"name":"wp","href":"https:\/\/api.w.org\/{rel}","templated":true}]}}